{"id":36,"date":"2018-03-21T17:34:15","date_gmt":"2018-03-21T20:34:15","guid":{"rendered":"http:\/\/www.franciscoaller.com.ar\/?page_id=36"},"modified":"2018-03-25T23:15:50","modified_gmt":"2018-03-26T02:15:50","slug":"una-seccion-de-la-pagina-de-inicio","status":"publish","type":"page","link":"https:\/\/www.franciscoaller.com.ar\/?page_id=36","title":{"rendered":"Biograf\u00eda"},"content":{"rendered":"<p lang=\"en-US\"><span style=\"font-size: xx-large;\"><i><u>Guitarra<\/u><\/i><\/span><\/p>\n<p lang=\"en-US\" align=\"justify\"><span style=\"font-size: large;\"><b>Educaci\u00f3n formal<\/b><\/span><\/p>\n<p align=\"justify\"><span style=\"font-size: medium;\"><span lang=\"en-US\">2008\/2011: Profesorado y Tecnicatura de Guitarra. Carrera de Tango y M\u00fasica Folkl\u00f3rica del Conservatorio Superior de M\u00fasica \u201cManuel de Falla\u201d. Docentes de instrumento: Pablo Uccelli, Carlos Moscardini, Cesar Angeleri. Otros docentes: Juan Fal\u00fa, Juan Quintero, Lili\u00e1n Saba, Daniel Soruco, Rub\u00e9n Lobo, Roberto Calvo, Fabi\u00e1n Bertero.<\/span><\/span><span style=\"font-size: medium;\"><span lang=\"en-US\"> Incluyendo participaciones en conciertos institucionales.<\/span><\/span><\/p>\n<p align=\"justify\"><span style=\"font-size: medium;\"><span lang=\"en-US\">1999\/2011: Carrera de Instrumentista (Guitarra). Conservatorio Superior de M\u00fasica \u201cManuel de Falla\u201d. Docentes de<\/span><\/span> <span style=\"font-size: medium;\"><span lang=\"en-US\">instrumento: Oscar Migueles, Sergio Moldavsky, Jos\u00e9 Verdi. Otros docentes: Graciela Heguy, Hugo Riveros, Adriana Gatusso, Alejandra Kusnet Goovar, Silvia Pesci, Mar\u00eda Eugenia Mu\u00f1oz, Marina Lupi, Luis Sardo, Federico Whiman.<\/span><\/span><\/p>\n<p lang=\"en-US\" align=\"justify\"><span style=\"font-size: medium;\">2001\/2008: Carrera de instrumentista orientaci\u00f3n Tango y Folklore: Escuela de Arte Leopoldo Marechal. Docentes de instrumento: Pancho Rodriguez, Jorge Kohan, Marcelo Kitay. Otros docentes: Fabio Pirolo, Fernando Pugliese, Guido Martinez, D\u00e9bora Barbuto.<\/span><\/p>\n<p lang=\"en-US\" align=\"justify\"><span style=\"font-size: large;\"><b>Otros espacios de formaci\u00f3n<\/b><\/span><\/p>\n<p lang=\"en-US\" align=\"justify\"><span style=\"font-size: medium;\">2013: Clases de canto con el profesor Hern\u00e1n Zelaya.<\/span><\/p>\n<p lang=\"en-US\" align=\"justify\"><span style=\"font-size: medium;\">2015: Jornada de perfeccionamiento docente: \u201cRitmos de ra\u00edces africanos\u201d. Dictado por Augusto Perez Guarnieri. Facultad de Bellas Artes de la Plata.<\/span><\/p>\n<p lang=\"en-US\" align=\"justify\"><span style=\"font-size: medium;\">2017: Taller de composici\u00f3n de canciones a cargo del Profesor Luis Sticco.<\/span><\/p>\n<p lang=\"en-US\" align=\"center\"><span style=\"font-size: x-large;\"><i><b>PRODUCCI\u00d3N<\/b><\/i><\/span><\/p>\n<p lang=\"en-US\" align=\"justify\"><u> <span style=\"font-size: x-large;\"><i>Guitarra y Canto<\/i><\/span><\/u><\/p>\n<p align=\"justify\"><span style=\"font-size: medium;\"><span lang=\"en-US\">* PRESENTACIONES COMO SOLISTA. <\/span><\/span><span style=\"font-size: medium;\"><span lang=\"en-US\"><b>Guitarrista<\/b><\/span><\/span><span style=\"font-size: medium;\"><span lang=\"en-US\"><b>, cantante, compositor y arreglador.<\/b><\/span><\/span><span style=\"font-size: medium;\"><span lang=\"en-US\"> Folklore argentino, tango, canciones, m\u00fasica brasile\u00f1a, repertorio acad\u00e9mico.<\/span><\/span><\/p>\n<p lang=\"en-US\" align=\"justify\"><span style=\"font-size: medium;\">Hotel Intercontinental, Asamblea Popular Plaza Dorrego, Centro cultural el Surco.<\/span><\/p>\n<p align=\"justify\"><span style=\"font-size: medium;\"><span lang=\"en-US\">* ENSAMBLE ESCABECHE. <\/span><\/span><span style=\"font-size: medium;\"><span lang=\"en-US\"><b>Guitarrista<\/b><\/span><\/span><span style=\"font-size: medium;\"><span lang=\"en-US\"><b>, cantante, compositor y arreglador. <\/b><\/span><\/span><span style=\"font-size: medium;\"><span lang=\"en-US\">Con Juli\u00e1n de Santis, Marcelo de Simone, Hern\u00e1n Zelaya. Folklore argentino y latinoamericano. 2014\/Actualmente. Presentaciones en La noche de los Museos 2015 Hotel de los Inmigrantes, La noche de los museos 2016 Museo Eduardo S\u00edvori, Circe, La Paila, Caf\u00e9 de Los Patriotas, Sr. Duncan, La Trama, La Puerta del Medio, El Cultural Espacio de Arte, Pink House, C.C. La Ronda, C.C. La Minga, C.C. El Hueco, C. C. Campana, Usina Juan Gelman, Espacio para la memoria y DDHH Club Atl\u00e9tico, Preseleccionados en Bares Notables 2015, eventos privados.<\/span><\/span><\/p>\n<p align=\"justify\"><span style=\"font-size: medium;\"><span lang=\"en-US\">* NUEZ MOSCADA: <\/span><\/span><span style=\"font-size: medium;\"><span lang=\"en-US\"><b>Guitarrista, cantante y arreglador: <\/b><\/span><\/span><span style=\"font-size: medium;\"><span lang=\"en-US\">Con Valeria Sinso<\/span><\/span><span style=\"font-size: medium;\"><span lang=\"en-US\">. Folklore y Tango. Presentaciones en Caf\u00e9 de los Patriotas, Criterio, Posada La luna, C.C. El hueco. Eventos privados.<\/span><\/span><\/p>\n<p align=\"justify\"><span style=\"font-size: medium;\"><span lang=\"en-US\">* LOS GRILLOS DE LA FLORESTA. <\/span><\/span><span style=\"font-size: medium;\"><span lang=\"en-US\"><b>Guitarrista<\/b><\/span><\/span><span style=\"font-size: medium;\"><span lang=\"en-US\">. Con Leandro Rouco y Daniel Pacheco. Presentaciones en Caf\u00e9 de los Patriotas, Asamblea Popular Plaza Dorrego. Desde 2012 a 2013. <\/span><\/span><\/p>\n<p align=\"justify\"><span style=\"font-size: medium;\"><span lang=\"en-US\">* CUARTETO ARMANDO GRESCA. <\/span><\/span><span style=\"font-size: medium;\"><span lang=\"en-US\"><b>Guitarrista y arreglador<\/b><\/span><\/span><span style=\"font-size: medium;\"><span lang=\"en-US\"><b>. <\/b><\/span><\/span><span style=\"font-size: medium;\"><span lang=\"en-US\">Con Facundo Bianco, Mariano Parodi y Nahuel Ruscio<\/span><\/span><span style=\"font-size: medium;\"><span lang=\"en-US\">. Presentaciones: Asamblea Popular Plaza Dorrego, Pr\u00e1ctica Patricios, Centro Cultural La Bisagra.<\/span><\/span><\/p>\n<p align=\"justify\"><span style=\"font-size: medium;\"><span lang=\"en-US\">* LOS HERMANOS ARGUECHE: <\/span><\/span><span style=\"font-size: medium;\"><span lang=\"en-US\"><b>Guitarrista<\/b><\/span><\/span><span style=\"font-size: medium;\"><span lang=\"en-US\"><b>, cantante, arreglador. <\/b><\/span><\/span><span style=\"font-size: medium;\"><span lang=\"en-US\">Con Martin Miconi, Sergio Rodriguez, Mariano Parodi. Folklore argentino y tango. 2010\/2011. Presentaciones en La Viruta, Eventos privados. <\/span><\/span><\/p>\n<p align=\"justify\"><span style=\"font-size: medium;\"><span lang=\"en-US\">* QUINTETO DESDE EL BORDE: <\/span><\/span><span style=\"font-size: medium;\"><span lang=\"en-US\"><b>Guitarrista <\/b><\/span><\/span><span style=\"font-size: medium;\"><span lang=\"en-US\">.Junto a: Miguel Sioffi, Juan Pablo Marc\u00f3, Marcela Barbieri y Marcelo Sosena. Presentaciones en la Carreter\u00eda y diversas galer\u00edas.<\/span><\/span><\/p>\n<p align=\"justify\"><span style=\"font-size: medium;\"><span lang=\"en-US\">* Aller- Cicuttini. <\/span><\/span><span style=\"font-size: medium;\"><span lang=\"en-US\"><b>Guitarrista:<\/b><\/span><\/span><b> <\/b><span style=\"font-size: medium;\"><span lang=\"en-US\">junto a Maximiliano Cicuttini. Presentaciones en Il Giardino d&#8217;il Tango, Consulado Argentino en Roma, Castello di Riomaggiore y diferentes lugares de Espa\u00f1a, Suiza y Alemania.<\/span><\/span><\/p>\n<p lang=\"en-US\" align=\"center\"><span style=\"font-size: x-large;\"><i><b>DOCENCIA<\/b><\/i><\/span><\/p>\n<p lang=\"en-US\" align=\"justify\"><a name=\"_GoBack\"><\/a> <span style=\"font-size: large;\"><b>En educaci\u00f3n formal<\/b><\/span><\/p>\n<p align=\"justify\"><span style=\"font-size: medium;\"><span lang=\"en-US\"><b>*<\/b><\/span><\/span><span style=\"font-size: medium;\"><span lang=\"en-US\">2004\/2009: Profesor de m\u00fasica titular nivel inicial y primaria en el Instituto Juan Bautista Berthier.<\/span><\/span><\/p>\n<p lang=\"en-US\" align=\"justify\"><span style=\"font-size: large;\"><b>En Programas de Pol\u00edticas Socioeducativas<\/b><\/span><\/p>\n<p lang=\"en-US\" align=\"justify\"><span style=\"font-size: medium;\">* 2010\/2016: Profesor de M\u00fasica (Guitarra) en el Centro de Actividades Juveniles de la escuela Media N\u00famero 5 de Vicente L\u00f3pez.<\/span><\/p>\n<p align=\"justify\"><span style=\"font-size: medium;\">* 2016\/<\/span><span style=\"font-size: medium;\">2018<\/span><span style=\"font-size: medium;\">: Asistente Socioeducativo en el Centro de Actividades Juveniles de la Escuela ESB 18 de Vicente L\u00f3pez.<\/span><\/p>\n<p align=\"justify\"><span style=\"font-size: large;\"><b>En \u00e1mbito privado<\/b><\/span><\/p>\n<p align=\"justify\"><span style=\"font-size: medium;\">*2005\/Actualmente: Profesor particular de guitarra y lenguaje musical, repertorio acad\u00e9mico y popular.<\/span><\/p>\n","protected":false},"excerpt":{"rendered":"<p>Guitarra Educaci\u00f3n formal 2008\/2011: Profesorado y Tecnicatura de Guitarra. Carrera de Tango y M\u00fasica Folkl\u00f3rica del Conservatorio Superior de M\u00fasica \u201cManuel de Falla\u201d. Docentes de instrumento: Pablo Uccelli, Carlos Moscardini, Cesar Angeleri. Otros docentes: Juan Fal\u00fa, Juan Quintero, Lili\u00e1n Saba, Daniel Soruco, Rub\u00e9n Lobo, Roberto Calvo, Fabi\u00e1n Bertero. Incluyendo participaciones en conciertos institucionales. 1999\/2011: Carrera &hellip; <\/p>\n<p class=\"link-more\"><a href=\"https:\/\/www.franciscoaller.com.ar\/?page_id=36\" class=\"more-link\">Continuar leyendo<span class=\"screen-reader-text\"> \u00abBiograf\u00eda\u00bb<\/span><\/a><\/p>\n","protected":false},"author":1,"featured_media":72,"parent":0,"menu_order":0,"comment_status":"closed","ping_status":"closed","template":"","meta":{"footnotes":""},"class_list":["post-36","page","type-page","status-publish","has-post-thumbnail","hentry"],"_links":{"self":[{"href":"https:\/\/www.franciscoaller.com.ar\/index.php?rest_route=\/wp\/v2\/pages\/36","targetHints":{"allow":["GET"]}}],"collection":[{"href":"https:\/\/www.franciscoaller.com.ar\/index.php?rest_route=\/wp\/v2\/pages"}],"about":[{"href":"https:\/\/www.franciscoaller.com.ar\/index.php?rest_route=\/wp\/v2\/types\/page"}],"author":[{"embeddable":true,"href":"https:\/\/www.franciscoaller.com.ar\/index.php?rest_route=\/wp\/v2\/users\/1"}],"replies":[{"embeddable":true,"href":"https:\/\/www.franciscoaller.com.ar\/index.php?rest_route=%2Fwp%2Fv2%2Fcomments&post=36"}],"version-history":[{"count":2,"href":"https:\/\/www.franciscoaller.com.ar\/index.php?rest_route=\/wp\/v2\/pages\/36\/revisions"}],"predecessor-version":[{"id":64,"href":"https:\/\/www.franciscoaller.com.ar\/index.php?rest_route=\/wp\/v2\/pages\/36\/revisions\/64"}],"wp:featuredmedia":[{"embeddable":true,"href":"https:\/\/www.franciscoaller.com.ar\/index.php?rest_route=\/wp\/v2\/media\/72"}],"wp:attachment":[{"href":"https:\/\/www.franciscoaller.com.ar\/index.php?rest_route=%2Fwp%2Fv2%2Fmedia&parent=36"}],"curies":[{"name":"wp","href":"https:\/\/api.w.org\/{rel}","templated":true}]}}