{"id":32,"date":"2018-03-21T17:34:14","date_gmt":"2018-03-21T20:34:14","guid":{"rendered":"http:\/\/www.franciscoaller.com.ar\/?page_id=32"},"modified":"2018-03-25T23:15:14","modified_gmt":"2018-03-26T02:15:14","slug":"inicio","status":"publish","type":"page","link":"https:\/\/www.franciscoaller.com.ar\/","title":{"rendered":"Inicio"},"content":{"rendered":"<p>\u00a1Bienvenidos a mi p\u00e1gina personal! Encontrar\u00e1n en este sitio informaci\u00f3n sobre mi m\u00fasica conciertos, talleres y clases. \u00a1Espero que sea de su agrado!<\/p>\n","protected":false},"excerpt":{"rendered":"<p>\u00a1Bienvenidos a mi p\u00e1gina personal! Encontrar\u00e1n en este sitio informaci\u00f3n sobre mi m\u00fasica conciertos, talleres y clases. \u00a1Espero que sea de su agrado!<\/p>\n","protected":false},"author":1,"featured_media":28,"parent":0,"menu_order":0,"comment_status":"closed","ping_status":"closed","template":"","meta":{"footnotes":""},"class_list":["post-32","page","type-page","status-publish","has-post-thumbnail","hentry"],"_links":{"self":[{"href":"https:\/\/www.franciscoaller.com.ar\/index.php?rest_route=\/wp\/v2\/pages\/32","targetHints":{"allow":["GET"]}}],"collection":[{"href":"https:\/\/www.franciscoaller.com.ar\/index.php?rest_route=\/wp\/v2\/pages"}],"about":[{"href":"https:\/\/www.franciscoaller.com.ar\/index.php?rest_route=\/wp\/v2\/types\/page"}],"author":[{"embeddable":true,"href":"https:\/\/www.franciscoaller.com.ar\/index.php?rest_route=\/wp\/v2\/users\/1"}],"replies":[{"embeddable":true,"href":"https:\/\/www.franciscoaller.com.ar\/index.php?rest_route=%2Fwp%2Fv2%2Fcomments&post=32"}],"version-history":[{"count":2,"href":"https:\/\/www.franciscoaller.com.ar\/index.php?rest_route=\/wp\/v2\/pages\/32\/revisions"}],"predecessor-version":[{"id":63,"href":"https:\/\/www.franciscoaller.com.ar\/index.php?rest_route=\/wp\/v2\/pages\/32\/revisions\/63"}],"wp:featuredmedia":[{"embeddable":true,"href":"https:\/\/www.franciscoaller.com.ar\/index.php?rest_route=\/wp\/v2\/media\/28"}],"wp:attachment":[{"href":"https:\/\/www.franciscoaller.com.ar\/index.php?rest_route=%2Fwp%2Fv2%2Fmedia&parent=32"}],"curies":[{"name":"wp","href":"https:\/\/api.w.org\/{rel}","templated":true}]}}